{"id":2,"date":"2016-05-10T03:48:21","date_gmt":"2016-05-10T03:48:21","guid":{"rendered":"https:\/\/2020.kreative-photos.de\/?page_id=2"},"modified":"2023-08-21T17:26:19","modified_gmt":"2023-08-21T17:26:19","slug":"sample-page","status":"publish","type":"page","link":"https:\/\/2020.kreative-photos.de\/","title":{"rendered":"Willkommen, &#8230;"},"content":{"rendered":"<address><span style=\"color: #808080;\"><em>&#8230; &#8222;Aktkunst, h\u00e4ufig auch nur als Akt bezeichnet, ist die Abbildung des unbekleideten menschlichen K\u00f6rpers in der Kunst, insbesondere in der Zeichnung (Aktzeichnen), Malerei, Grafik, Skulptur und Fotografie (Aktfotografie). Der Begriff Akt kam als Schul-Terminus der Portr\u00e4t- und Genremalerei im 19. Jahrhundert auf und bezeichnete urspr\u00fcnglich eine graphische Studie vom menschlichen K\u00f6rper (Aktstudie). Heute bezieht er sich auf alle Darstellungen unbekleideter menschlicher K\u00f6rper, angefangen von der Fr\u00fchzeit bis in die zeitgen\u00f6ssische Kunst.&#8220;&#8230;<br \/>\n<\/em><\/span>&#8211;<a title=\"Wikipedia\" href=\"https:\/\/de.wikipedia.org\/wiki\/Akt_%28Kunst%29\" target=\"_blank\" rel=\"noopener noreferrer\">Wikipedia<\/a>&#8211;<\/address>\n<p>Auf dieser privaten Website <span style=\"color: #808080;\">sind<\/span> Aktfotografien zu sehen. Falls Sie (Falls Du) das nicht sehen m\u00f6chten (m\u00f6chtest), bitte besuchen Sie (besuche) andere Webseiten.<\/p>\n<p>Ich pr\u00e4sentiere hier eine Auswahl meiner shootings seit 1999.<\/p>\n<p><a title=\"Kontakt\" href=\"https:\/\/www.kreative-photos.de\/de\/kontakt\">Zur Zeit bin ich auf der Suche nach Modellen, die mit mir auf TFP-Basis Fotos anfertigen m\u00f6chten.<\/a><\/p>\n","protected":false},"excerpt":{"rendered":"<p>&#8230; &#8222;Aktkunst, h\u00e4ufig auch nur als Akt bezeichnet, ist die Abbildung des unbekleideten menschlichen K\u00f6rpers in der Kunst, insbesondere in der Zeichnung (Aktzeichnen), Malerei, Grafik, Skulptur und Fotografie (Aktfotografie). Der Begriff Akt kam als Schul-Terminus der Portr\u00e4t- und Genremalerei im 19. Jahrhundert auf und bezeichnete urspr\u00fcnglich eine graphische Studie vom menschlichen K\u00f6rper (Aktstudie). Heute bezieht &hellip; <\/p>\n<p class=\"link-more\"><a href=\"https:\/\/2020.kreative-photos.de\/\" class=\"more-link\"><span class=\"screen-reader-text\">\u201eWillkommen, &#8230;\u201c<\/span> weiterlesen<\/a><\/p>\n","protected":false},"author":1,"featured_media":0,"parent":0,"menu_order":0,"comment_status":"closed","ping_status":"open","template":"","meta":{"footnotes":""},"_links":{"self":[{"href":"https:\/\/2020.kreative-photos.de\/index.php?rest_route=\/wp\/v2\/pages\/2"}],"collection":[{"href":"https:\/\/2020.kreative-photos.de\/index.php?rest_route=\/wp\/v2\/pages"}],"about":[{"href":"https:\/\/2020.kreative-photos.de\/index.php?rest_route=\/wp\/v2\/types\/page"}],"author":[{"embeddable":true,"href":"https:\/\/2020.kreative-photos.de\/index.php?rest_route=\/wp\/v2\/users\/1"}],"replies":[{"embeddable":true,"href":"https:\/\/2020.kreative-photos.de\/index.php?rest_route=%2Fwp%2Fv2%2Fcomments&post=2"}],"version-history":[{"count":7,"href":"https:\/\/2020.kreative-photos.de\/index.php?rest_route=\/wp\/v2\/pages\/2\/revisions"}],"predecessor-version":[{"id":20,"href":"https:\/\/2020.kreative-photos.de\/index.php?rest_route=\/wp\/v2\/pages\/2\/revisions\/20"}],"wp:attachment":[{"href":"https:\/\/2020.kreative-photos.de\/index.php?rest_route=%2Fwp%2Fv2%2Fmedia&parent=2"}],"curies":[{"name":"wp","href":"https:\/\/api.w.org\/{rel}","templated":true}]}}